{"id":18,"date":"2020-10-14T12:12:39","date_gmt":"2020-10-14T10:12:39","guid":{"rendered":"https:\/\/www.pontesan.es\/?page_id=18"},"modified":"2025-10-22T15:30:15","modified_gmt":"2025-10-22T13:30:15","slug":"legal","status":"publish","type":"page","link":"https:\/\/www.pontesan.es\/es\/legal\/","title":{"rendered":"Legal"},"content":{"rendered":"<p>[et_pb_section fb_built=&#8221;1&#8243; _builder_version=&#8221;4.16&#8243; _module_preset=&#8221;default&#8221; global_colors_info=&#8221;{}&#8221;][et_pb_row _builder_version=&#8221;4.16&#8243; _module_preset=&#8221;default&#8221; custom_padding=&#8221;||75px||false|false&#8221; global_colors_info=&#8221;{}&#8221;][et_pb_column type=&#8221;4_4&#8243; _builder_version=&#8221;4.16&#8243; _module_preset=&#8221;default&#8221; global_colors_info=&#8221;{}&#8221;][et_pb_text _builder_version=&#8221;4.26.0&#8243; _module_preset=&#8221;default&#8221; text_text_color=&#8221;#191919&#8243; hover_enabled=&#8221;0&#8243; global_colors_info=&#8221;{}&#8221; sticky_enabled=&#8221;0&#8243;]<\/p>\n<div id=\"aviso-legal\" class=\"ancla\"><\/div>\n<h2>Aviso legal<\/h2>\n<p>CONSELLO ESPA\u00d1OL DEFENSA DISCAPACIDADE E DEPENDENCIA DE GALICIA, con domicilio fiscal en JAVIER PUIG LLAMAS S\/N EDIFICIO XUNTA 36001 PONTEVEDRA, C.I.F. G55429922, en adiante, a EMPRESA. Actualizado o 28\/08\/2024.<\/p>\n<p>El uso de este sitio web implica el conocimiento y la expresa y plena aceptaci\u00f3n de las condiciones aqu\u00ed expuestas, sin perjuicio de aquellas condiciones particulares que pudieran aplicarse a las contrataciones de servicios que se lleven a cabo con la EMPRESA.<\/p>\n<p>La utilizaci\u00f3n del sitio web atribuye la condici\u00f3n de usuario e implica la aceptaci\u00f3n plena y sin reservas de todas y cada una de las disposiciones incluidas en este Aviso Legal en la versi\u00f3n publicada por la EMPRESA en el mismo momento en que el usuario accede a la p\u00e1gina. La utilizaci\u00f3n de algunos servicios ofrecidos puede encontrarse sometida a condiciones particulares propias que, seg\u00fan el caso, sustituyen y\/o modifican este Aviso Legal. Por lo tanto, con anterioridad a la utilizaci\u00f3n del servicio, el usuario tambi\u00e9n ha de leer atentamente las correspondientes condiciones particulares.<\/p>\n<p>El contenido incluido en la web se halla accesible al p\u00fablico con el prop\u00f3sito de proporcionar informaci\u00f3n sobre productos y servicios, as\u00ed como facilitar, en su caso, el acceso a otra informaci\u00f3n de terceras personas y entidades distintas a la EMPRESA. Dichos contenidos son facilitados de buena fe, con informaci\u00f3n procedente de fuentes externas; en raz\u00f3n de esta circunstancia, alguno de los datos o textos disponibles podr\u00edan no ser completamente exactos o actualizados, por lo que la EMPRESA responder\u00e1 \u00fanica y exclusivamente de aquellos directamente originados por ella.<\/p>\n<p>El acceso a la web no implica ning\u00fan tipo de garant\u00eda, que expresamente se reh\u00fasa por la EMPRESA, respecto a la idoneidad de los contenidos incluidos en la misma para fines particulares de quien acceda. En consecuencia, tanto el acceso, como el uso que pueda hacerse de la informaci\u00f3n y contenidos incluido en la web, se efect\u00faa bajo la exclusiva responsabilidad de quien lo realice, y la EMPRESA no responder\u00e1 en ning\u00fan caso y en ninguna medida, ni por da\u00f1os directos ni indirectos, ni por da\u00f1o emergente ni por lucro cesante, por los eventuales perjuicios derivados del uso de la informaci\u00f3n y contenidos accesibles o del acceso a otras p\u00e1ginas web o contenidos de terceros a trav\u00e9s de las conexiones, v\u00ednculos o enlaces existentes. Asimismo, la EMPRESA no ser\u00e1 en ning\u00fan caso responsable, ni siquiera de forma indirecta o subsidiaria, por productos o servicios prestados u ofertados por otras personas o entidades, o por contenidos, informaciones, comunicaciones, opiniones o manifestaciones de cualquier tipo originados o vertidos por terceros y que resulten accesibles a trav\u00e9s de la web.<\/p>\n<p>As\u00ed mismo, el contenido de las URLs personalizadas para cada uno de los clientes que contraten con la EMPRESA alguno de los servicios ofertados y que impliquen la creaci\u00f3n de los citados espacios personales ser\u00e1 de responsabilidad absoluta del cliente y en consecuencia la EMPRESA no responder\u00e1 en ning\u00fan caso y en ninguna medida, ni por da\u00f1os directos ni indirectos, ni por da\u00f1o emergente ni por lucro cesante, por los eventuales perjuicios derivados del uso de la informaci\u00f3n y contenido en dichas p\u00e1ginas privadas, de las que en la mayor\u00eda de los casos desconocer\u00e1 por completo su contenido.<\/p>\n<p>Todos los contenidos accesibles est\u00e1n sujetos a derechos de propiedad intelectual e industrial de la EMPRESA o de otros terceros titulares de los mismos. Las \u2018p\u00e1ginas propias\u2019 tambi\u00e9n est\u00e1n sujetas a derechos de propiedad intelectual, en este caso de su propietario, cliente de la EMPRESA. En ning\u00fan caso el acceso a dichas p\u00e1ginas implica ning\u00fan tipo de renuncia, transmisi\u00f3n o cesi\u00f3n total ni parcial de dichos derechos, ni confiere ning\u00fan derecho de utilizaci\u00f3n, alteraci\u00f3n, explotaci\u00f3n, reproducci\u00f3n, distribuci\u00f3n o comunicaci\u00f3n p\u00fablica sobre dichos contenidos sin la previa y expresa autorizaci\u00f3n, espec\u00edficamente otorgada a tal efecto por parte de la EMPRESA o del tercero titular de los derechos afectados, a salvo del derecho de visualizar y obtener una copia privada de seguridad de tales contenidos, siempre que dicho derecho se ejercite seg\u00fan los principios de la buena fe y que en todo caso se mantenga inalterado en la eventual copia privada de seguridad el \u00abcopyright\u00bb y dem\u00e1s datos identificativos de los derechos de la EMPRESA o terceros titulares de los mismos sobre tales contenidos, as\u00ed como que se realice sin fines comerciales y exclusivamente para informaci\u00f3n personal del usuario.<\/p>\n<p>La EMPRESA se reserva el derecho de suspender temporalmente y sin necesidad de previo aviso, la accesibilidad de su web en raz\u00f3n de la eventual necesidad de efectuar operaciones de mantenimiento, reparaci\u00f3n, actualizaci\u00f3n o mejora de la misma. Asimismo se reserva en todo caso el derecho unilateral de modificar las condiciones de acceso a la misma, as\u00ed como a los contenidos incluidos. El acceso a la web est\u00e1 condicionado a que en todo momento se realice un uso l\u00edcito y honrado, bajo los principios de la buena fe y con respeto en todo caso a la legalidad vigente y a los derechos de la propia EMPRESA y de terceros, y espec\u00edficamente a la no realizaci\u00f3n de ninguna actuaci\u00f3n (incluida la introducci\u00f3n o difusi\u00f3n de \u00abvirus inform\u00e1ticos\u00bb) que provoque da\u00f1os o alteraciones no autorizadas de los contenidos o sistemas de cualquier clase, accesibles, as\u00ed como a no intervenir o alterar de ning\u00fan modo correos electr\u00f3nicos de otros usuarios sin autorizaci\u00f3n de los mismos, y, de modo general, a no realizar ninguna actuaci\u00f3n en perjuicio de la propia EMPRESA o de terceros, ya sea por acci\u00f3n o informaci\u00f3n contenida.<\/p>\n<p>La prestaci\u00f3n de los servicios prestados a trav\u00e9s de la web tiene una duraci\u00f3n indefinida. La EMPRESA, no obstante, est\u00e1 autorizada a darlos por finalizados o suspenderlos en cualquier momento, sin perjuicio del que se haya dispuesto al respecto en las correspondientes condiciones particulares. Si es razonablemente posible, la EMPRESA, avisar\u00e1 previamente de la finalizaci\u00f3n o suspensi\u00f3n de la prestaci\u00f3n de los servicios.<\/p>\n<p>El contenido que cada visitante genere e introduzca en la web de la EMPRESA son de su exclusiva responsabilidad, siendo de su obligaci\u00f3n el tratamiento responsable y el cumplimiento en todo momento de la RGPD y, en su caso, cualquier nueva normativa de car\u00e1cter nacional y\/o Europeo emitida por el organismo correspondiente. S\u00ed ser\u00e1 responsabilidad de la EMPRESA garantizar la seguridad en el almacenamiento, en las comunicaciones y en la protecci\u00f3n de los datos introducidos.<\/p>\n<p>[\/et_pb_text][\/et_pb_column][\/et_pb_row][\/et_pb_section]<\/p>","protected":false},"excerpt":{"rendered":"<p>Aviso legal CONSELLO ESPA\u00d1OL DEFENSA DISCAPACIDADE E DEPENDENCIA DE GALICIA, con domicilio fiscal en JAVIER PUIG LLAMAS S\/N EDIFICIO XUNTA 36001 PONTEVEDRA, C.I.F. G55429922, en adiante, a EMPRESA. Actualizado o 28\/08\/2024. O uso deste sitio web implica o co\u00f1ecemento e a aceptaci\u00f3n expresa e plena das condici\u00f3ns aqu\u00ed expostas, sen prexu\u00edzo das condici\u00f3ns particulares que [&hellip;]<\/p>","protected":false},"author":18,"featured_media":0,"parent":0,"menu_order":0,"comment_status":"closed","ping_status":"closed","template":"","meta":{"_et_pb_use_builder":"on","_et_pb_old_content":"","_et_gb_content_width":"","inline_featured_image":false,"footnotes":""},"class_list":["post-18","page","type-page","status-publish","hentry"],"yoast_head":"<!-- This site is optimized with the Yoast SEO plugin v23.1 - https:\/\/yoast.com\/wordpress\/plugins\/seo\/ -->\n<title>Legal - Pontesan<\/title>\n<meta name=\"robots\" content=\"noindex, nofollow\" \/>\n<meta property=\"og:locale\" content=\"es_ES\" \/>\n<meta property=\"og:type\" content=\"article\" \/>\n<meta property=\"og:title\" content=\"Legal - Pontesan\" \/>\n<meta property=\"og:description\" content=\"Aviso legal CONSELLO ESPA\u00d1OL DEFENSA DISCAPACIDADE E DEPENDENCIA DE GALICIA, con domicilio fiscal en JAVIER PUIG LLAMAS S\/N EDIFICIO XUNTA 36001 PONTEVEDRA, C.I.F. G55429922, en adiante, a EMPRESA. Actualizado o 28\/08\/2024. O uso deste sitio web implica o co\u00f1ecemento e a aceptaci\u00f3n expresa e plena das condici\u00f3ns aqu\u00ed expostas, sen prexu\u00edzo das condici\u00f3ns particulares que [&hellip;]\" \/>\n<meta property=\"og:url\" content=\"https:\/\/www.pontesan.es\/es\/legal\/\" \/>\n<meta property=\"og:site_name\" content=\"Pontesan\" \/>\n<meta property=\"article:modified_time\" content=\"2025-10-22T13:30:15+00:00\" \/>\n<meta property=\"og:image\" content=\"https:\/\/www.pontesan.es\/wp-content\/uploads\/2024\/09\/YOAST.jpg\" \/>\n\t<meta property=\"og:image:width\" content=\"1200\" \/>\n\t<meta property=\"og:image:height\" content=\"676\" \/>\n\t<meta property=\"og:image:type\" content=\"image\/jpeg\" \/>\n<meta name=\"twitter:card\" content=\"summary_large_image\" \/>\n<meta name=\"twitter:label1\" content=\"Tiempo de lectura\" \/>\n\t<meta name=\"twitter:data1\" content=\"5 minutos\" \/>\n<script type=\"application\/ld+json\" class=\"yoast-schema-graph\">{\"@context\":\"https:\/\/schema.org\",\"@graph\":[{\"@type\":\"WebPage\",\"@id\":\"https:\/\/www.pontesan.es\/legal\/\",\"url\":\"https:\/\/www.pontesan.es\/legal\/\",\"name\":\"Legal - Pontesan\",\"isPartOf\":{\"@id\":\"https:\/\/www.pontesan.es\/#website\"},\"datePublished\":\"2020-10-14T10:12:39+00:00\",\"dateModified\":\"2025-10-22T13:30:15+00:00\",\"breadcrumb\":{\"@id\":\"https:\/\/www.pontesan.es\/legal\/#breadcrumb\"},\"inLanguage\":\"es\",\"potentialAction\":[{\"@type\":\"ReadAction\",\"target\":[\"https:\/\/www.pontesan.es\/legal\/\"]}]},{\"@type\":\"BreadcrumbList\",\"@id\":\"https:\/\/www.pontesan.es\/legal\/#breadcrumb\",\"itemListElement\":[{\"@type\":\"ListItem\",\"position\":1,\"name\":\"Home\",\"item\":\"https:\/\/www.pontesan.es\/\"},{\"@type\":\"ListItem\",\"position\":2,\"name\":\"Legal\"}]},{\"@type\":\"WebSite\",\"@id\":\"https:\/\/www.pontesan.es\/#website\",\"url\":\"https:\/\/www.pontesan.es\/\",\"name\":\"Pontesan\",\"description\":\"\",\"publisher\":{\"@id\":\"https:\/\/www.pontesan.es\/#organization\"},\"potentialAction\":[{\"@type\":\"SearchAction\",\"target\":{\"@type\":\"EntryPoint\",\"urlTemplate\":\"https:\/\/www.pontesan.es\/?s={search_term_string}\"},\"query-input\":\"required name=search_term_string\"}],\"inLanguage\":\"es\"},{\"@type\":\"Organization\",\"@id\":\"https:\/\/www.pontesan.es\/#organization\",\"name\":\"PonteS\u00e1n\",\"alternateName\":\"PonteS\u00e1n\",\"url\":\"https:\/\/www.pontesan.es\/\",\"logo\":{\"@type\":\"ImageObject\",\"inLanguage\":\"es\",\"@id\":\"https:\/\/www.pontesan.es\/#\/schema\/logo\/image\/\",\"url\":\"https:\/\/www.pontesan.es\/wp-content\/uploads\/2024\/09\/yoast-empresa.jpg\",\"contentUrl\":\"https:\/\/www.pontesan.es\/wp-content\/uploads\/2024\/09\/yoast-empresa.jpg\",\"width\":696,\"height\":696,\"caption\":\"PonteS\u00e1n\"},\"image\":{\"@id\":\"https:\/\/www.pontesan.es\/#\/schema\/logo\/image\/\"}}]}<\/script>\n<!-- \/ Yoast SEO plugin. -->","yoast_head_json":{"title":"Legal - Pontesan","robots":{"index":"noindex","follow":"nofollow"},"og_locale":"es_ES","og_type":"article","og_title":"Legal - Pontesan","og_description":"Aviso legal CONSELLO ESPA\u00d1OL DEFENSA DISCAPACIDADE E DEPENDENCIA DE GALICIA, con domicilio fiscal en JAVIER PUIG LLAMAS S\/N EDIFICIO XUNTA 36001 PONTEVEDRA, C.I.F. G55429922, en adiante, a EMPRESA. Actualizado o 28\/08\/2024. O uso deste sitio web implica o co\u00f1ecemento e a aceptaci\u00f3n expresa e plena das condici\u00f3ns aqu\u00ed expostas, sen prexu\u00edzo das condici\u00f3ns particulares que [&hellip;]","og_url":"https:\/\/www.pontesan.es\/es\/legal\/","og_site_name":"Pontesan","article_modified_time":"2025-10-22T13:30:15+00:00","og_image":[{"width":1200,"height":676,"url":"https:\/\/www.pontesan.es\/wp-content\/uploads\/2024\/09\/YOAST.jpg","type":"image\/jpeg"}],"twitter_card":"summary_large_image","twitter_misc":{"Tiempo de lectura":"5 minutos"},"schema":{"@context":"https:\/\/schema.org","@graph":[{"@type":"WebPage","@id":"https:\/\/www.pontesan.es\/legal\/","url":"https:\/\/www.pontesan.es\/legal\/","name":"Legal - Pontesan","isPartOf":{"@id":"https:\/\/www.pontesan.es\/#website"},"datePublished":"2020-10-14T10:12:39+00:00","dateModified":"2025-10-22T13:30:15+00:00","breadcrumb":{"@id":"https:\/\/www.pontesan.es\/legal\/#breadcrumb"},"inLanguage":"es","potentialAction":[{"@type":"ReadAction","target":["https:\/\/www.pontesan.es\/legal\/"]}]},{"@type":"BreadcrumbList","@id":"https:\/\/www.pontesan.es\/legal\/#breadcrumb","itemListElement":[{"@type":"ListItem","position":1,"name":"Home","item":"https:\/\/www.pontesan.es\/"},{"@type":"ListItem","position":2,"name":"Legal"}]},{"@type":"WebSite","@id":"https:\/\/www.pontesan.es\/#website","url":"https:\/\/www.pontesan.es\/","name":"Pontesan","description":"","publisher":{"@id":"https:\/\/www.pontesan.es\/#organization"},"potentialAction":[{"@type":"SearchAction","target":{"@type":"EntryPoint","urlTemplate":"https:\/\/www.pontesan.es\/?s={search_term_string}"},"query-input":"required name=search_term_string"}],"inLanguage":"es"},{"@type":"Organization","@id":"https:\/\/www.pontesan.es\/#organization","name":"PonteS\u00e1n","alternateName":"PonteS\u00e1n","url":"https:\/\/www.pontesan.es\/","logo":{"@type":"ImageObject","inLanguage":"es","@id":"https:\/\/www.pontesan.es\/#\/schema\/logo\/image\/","url":"https:\/\/www.pontesan.es\/wp-content\/uploads\/2024\/09\/yoast-empresa.jpg","contentUrl":"https:\/\/www.pontesan.es\/wp-content\/uploads\/2024\/09\/yoast-empresa.jpg","width":696,"height":696,"caption":"PonteS\u00e1n"},"image":{"@id":"https:\/\/www.pontesan.es\/#\/schema\/logo\/image\/"}}]}},"_links":{"self":[{"href":"https:\/\/www.pontesan.es\/es\/wp-json\/wp\/v2\/pages\/18"}],"collection":[{"href":"https:\/\/www.pontesan.es\/es\/wp-json\/wp\/v2\/pages"}],"about":[{"href":"https:\/\/www.pontesan.es\/es\/wp-json\/wp\/v2\/types\/page"}],"author":[{"embeddable":true,"href":"https:\/\/www.pontesan.es\/es\/wp-json\/wp\/v2\/users\/18"}],"replies":[{"embeddable":true,"href":"https:\/\/www.pontesan.es\/es\/wp-json\/wp\/v2\/comments?post=18"}],"version-history":[{"count":16,"href":"https:\/\/www.pontesan.es\/es\/wp-json\/wp\/v2\/pages\/18\/revisions"}],"predecessor-version":[{"id":232886,"href":"https:\/\/www.pontesan.es\/es\/wp-json\/wp\/v2\/pages\/18\/revisions\/232886"}],"wp:attachment":[{"href":"https:\/\/www.pontesan.es\/es\/wp-json\/wp\/v2\/media?parent=18"}],"curies":[{"name":"wp","href":"https:\/\/api.w.org\/{rel}","templated":true}]}}