{"id":230575,"date":"2024-09-03T09:24:39","date_gmt":"2024-09-03T07:24:39","guid":{"rendered":"https:\/\/www.pontesan.es\/?page_id=230575"},"modified":"2025-10-22T11:28:56","modified_gmt":"2025-10-22T09:28:56","slug":"novas","status":"publish","type":"page","link":"https:\/\/www.pontesan.es\/es\/novas\/","title":{"rendered":"Noticias"},"content":{"rendered":"<p>[et_pb_section fb_built=&#8221;1&#8243; admin_label=&#8221;pon-17&#8243; module_class=&#8221;pon-17&#8243; _builder_version=&#8221;4.26.0&#8243; _module_preset=&#8221;default&#8221; locked=&#8221;off&#8221; collapsed=&#8221;off&#8221; global_colors_info=&#8221;{}&#8221;][et_pb_row _builder_version=&#8221;4.26.0&#8243; _module_preset=&#8221;default&#8221; background_image=&#8221;https:\/\/www.pontesan.es\/wp-content\/uploads\/2024\/09\/banner-blog.jpg&#8221; width=&#8221;100%&#8221; max_width=&#8221;1920px&#8221; custom_padding=&#8221;123px||136px||false|false&#8221; global_colors_info=&#8221;{}&#8221;][et_pb_column type=&#8221;4_4&#8243; _builder_version=&#8221;4.26.0&#8243; _module_preset=&#8221;default&#8221; global_colors_info=&#8221;{}&#8221;][\/et_pb_column][\/et_pb_row][\/et_pb_section][et_pb_section fb_built=&#8221;1&#8243; admin_label=&#8221;pon-blog&#8221; module_class=&#8221;pon-blog&#8221; _builder_version=&#8221;4.26.0&#8243; _module_preset=&#8221;default&#8221; animation_style=&#8221;fade&#8221; global_colors_info=&#8221;{}&#8221;][et_pb_row use_custom_gutter=&#8221;on&#8221; gutter_width=&#8221;4&#8243; custom_padding_last_edited=&#8221;on|phone&#8221; _builder_version=&#8221;4.26.0&#8243; _module_preset=&#8221;default&#8221; width_tablet=&#8221;&#8221; width_phone=&#8221;90%&#8221; width_last_edited=&#8221;on|phone&#8221; max_width=&#8221;1920px&#8221; custom_padding_tablet=&#8221;&#8221; custom_padding_phone=&#8221;0px||||false|false&#8221; global_colors_info=&#8221;{}&#8221;][et_pb_column type=&#8221;4_4&#8243; _builder_version=&#8221;4.26.0&#8243; _module_preset=&#8221;default&#8221; global_colors_info=&#8221;{}&#8221;][et_pb_blog fullwidth=&#8221;off&#8221; posts_number=&#8221;6&#8243; show_more=&#8221;on&#8221; show_author=&#8221;off&#8221; show_date=&#8221;off&#8221; show_categories=&#8221;off&#8221; _builder_version=&#8221;4.26.0&#8243; _module_preset=&#8221;default&#8221; header_font=&#8221;|700||on|||||&#8221; header_text_align=&#8221;center&#8221; header_text_color=&#8221;#282f4b&#8221; header_font_size=&#8221;1.3rem&#8221; body_text_align=&#8221;center&#8221; read_more_font=&#8221;|700||||||#FFFFFF|&#8221; read_more_text_color=&#8221;#FFFFFF&#8221; text_orientation=&#8221;center&#8221; read_more_text_color_last_edited=&#8221;off|desktop&#8221; border_width_all=&#8221;0px&#8221; box_shadow_style=&#8221;preset1&#8243; box_shadow_vertical=&#8221;4px&#8221; box_shadow_blur=&#8221;20px&#8221; box_shadow_color=&#8221;rgba(0,0,0,0.1)&#8221; global_colors_info=&#8221;{}&#8221; read_more_text_color__hover_enabled=&#8221;on|hover&#8221; read_more_text_color__hover=&#8221;#282f4b&#8221;][\/et_pb_blog][\/et_pb_column][\/et_pb_row][\/et_pb_section]<\/p>","protected":false},"excerpt":{"rendered":"","protected":false},"author":18,"featured_media":0,"parent":0,"menu_order":0,"comment_status":"closed","ping_status":"closed","template":"","meta":{"_et_pb_use_builder":"on","_et_pb_old_content":"","_et_gb_content_width":"","inline_featured_image":false,"footnotes":""},"class_list":["post-230575","page","type-page","status-publish","hentry"],"yoast_head":"<!-- This site is optimized with the Yoast SEO plugin v23.1 - https:\/\/yoast.com\/wordpress\/plugins\/seo\/ -->\n<title>Noticias Pontes\u00e1n | Salud, bienestar y educaci\u00f3n sanitaria<\/title>\n<meta name=\"description\" content=\"Mantente al d\u00eda con las \u00faltimas noticias de Pontes\u00e1n, la feria de salud y bienestar de referencia en Galicia.\" \/>\n<meta name=\"robots\" content=\"noindex, follow\" \/>\n<meta property=\"og:locale\" content=\"es_ES\" \/>\n<meta property=\"og:type\" content=\"article\" \/>\n<meta property=\"og:title\" content=\"Noticias Pontes\u00e1n | Salud, bienestar y educaci\u00f3n sanitaria\" \/>\n<meta property=\"og:description\" content=\"Mantente al d\u00eda con las \u00faltimas noticias de Pontes\u00e1n, la feria de salud y bienestar de referencia en Galicia.\" \/>\n<meta property=\"og:url\" content=\"https:\/\/www.pontesan.es\/es\/novas\/\" \/>\n<meta property=\"og:site_name\" content=\"Pontesan\" \/>\n<meta property=\"article:modified_time\" content=\"2025-10-22T09:28:56+00:00\" \/>\n<meta property=\"og:image\" content=\"https:\/\/www.pontesan.es\/wp-content\/uploads\/2024\/09\/YOAST.jpg\" \/>\n\t<meta property=\"og:image:width\" content=\"1200\" \/>\n\t<meta property=\"og:image:height\" content=\"676\" \/>\n\t<meta property=\"og:image:type\" content=\"image\/jpeg\" \/>\n<meta name=\"twitter:card\" content=\"summary_large_image\" \/>\n<meta name=\"twitter:label1\" content=\"Tiempo de lectura\" \/>\n\t<meta name=\"twitter:data1\" content=\"3 minutos\" \/>\n<script type=\"application\/ld+json\" class=\"yoast-schema-graph\">{\"@context\":\"https:\/\/schema.org\",\"@graph\":[{\"@type\":\"WebPage\",\"@id\":\"https:\/\/www.pontesan.es\/novas\/\",\"url\":\"https:\/\/www.pontesan.es\/novas\/\",\"name\":\"Noticias Pontes\u00e1n | Salud, bienestar y educaci\u00f3n sanitaria\",\"isPartOf\":{\"@id\":\"https:\/\/www.pontesan.es\/#website\"},\"datePublished\":\"2024-09-03T07:24:39+00:00\",\"dateModified\":\"2025-10-22T09:28:56+00:00\",\"description\":\"Mantente al d\u00eda con las \u00faltimas noticias de Pontes\u00e1n, la feria de salud y bienestar de referencia en Galicia.\",\"breadcrumb\":{\"@id\":\"https:\/\/www.pontesan.es\/novas\/#breadcrumb\"},\"inLanguage\":\"es\",\"potentialAction\":[{\"@type\":\"ReadAction\",\"target\":[\"https:\/\/www.pontesan.es\/novas\/\"]}]},{\"@type\":\"BreadcrumbList\",\"@id\":\"https:\/\/www.pontesan.es\/novas\/#breadcrumb\",\"itemListElement\":[{\"@type\":\"ListItem\",\"position\":1,\"name\":\"Home\",\"item\":\"https:\/\/www.pontesan.es\/\"},{\"@type\":\"ListItem\",\"position\":2,\"name\":\"Novas\"}]},{\"@type\":\"WebSite\",\"@id\":\"https:\/\/www.pontesan.es\/#website\",\"url\":\"https:\/\/www.pontesan.es\/\",\"name\":\"Pontesan\",\"description\":\"\",\"publisher\":{\"@id\":\"https:\/\/www.pontesan.es\/#organization\"},\"potentialAction\":[{\"@type\":\"SearchAction\",\"target\":{\"@type\":\"EntryPoint\",\"urlTemplate\":\"https:\/\/www.pontesan.es\/?s={search_term_string}\"},\"query-input\":\"required name=search_term_string\"}],\"inLanguage\":\"es\"},{\"@type\":\"Organization\",\"@id\":\"https:\/\/www.pontesan.es\/#organization\",\"name\":\"PonteS\u00e1n\",\"alternateName\":\"PonteS\u00e1n\",\"url\":\"https:\/\/www.pontesan.es\/\",\"logo\":{\"@type\":\"ImageObject\",\"inLanguage\":\"es\",\"@id\":\"https:\/\/www.pontesan.es\/#\/schema\/logo\/image\/\",\"url\":\"https:\/\/www.pontesan.es\/wp-content\/uploads\/2024\/09\/yoast-empresa.jpg\",\"contentUrl\":\"https:\/\/www.pontesan.es\/wp-content\/uploads\/2024\/09\/yoast-empresa.jpg\",\"width\":696,\"height\":696,\"caption\":\"PonteS\u00e1n\"},\"image\":{\"@id\":\"https:\/\/www.pontesan.es\/#\/schema\/logo\/image\/\"}}]}<\/script>\n<!-- \/ Yoast SEO plugin. -->","yoast_head_json":{"title":"Noticias Pontes\u00e1n | Salud, bienestar y educaci\u00f3n sanitaria","description":"Mantente al d\u00eda con las \u00faltimas noticias de Pontes\u00e1n, la feria de salud y bienestar de referencia en Galicia.","robots":{"index":"noindex","follow":"follow"},"og_locale":"es_ES","og_type":"article","og_title":"Noticias Pontes\u00e1n | Salud, bienestar y educaci\u00f3n sanitaria","og_description":"Mantente al d\u00eda con las \u00faltimas noticias de Pontes\u00e1n, la feria de salud y bienestar de referencia en Galicia.","og_url":"https:\/\/www.pontesan.es\/es\/novas\/","og_site_name":"Pontesan","article_modified_time":"2025-10-22T09:28:56+00:00","og_image":[{"width":1200,"height":676,"url":"https:\/\/www.pontesan.es\/wp-content\/uploads\/2024\/09\/YOAST.jpg","type":"image\/jpeg"}],"twitter_card":"summary_large_image","twitter_misc":{"Tiempo de lectura":"3 minutos"},"schema":{"@context":"https:\/\/schema.org","@graph":[{"@type":"WebPage","@id":"https:\/\/www.pontesan.es\/novas\/","url":"https:\/\/www.pontesan.es\/novas\/","name":"Noticias Pontes\u00e1n | Salud, bienestar y educaci\u00f3n sanitaria","isPartOf":{"@id":"https:\/\/www.pontesan.es\/#website"},"datePublished":"2024-09-03T07:24:39+00:00","dateModified":"2025-10-22T09:28:56+00:00","description":"Mantente al d\u00eda con las \u00faltimas noticias de Pontes\u00e1n, la feria de salud y bienestar de referencia en Galicia.","breadcrumb":{"@id":"https:\/\/www.pontesan.es\/novas\/#breadcrumb"},"inLanguage":"es","potentialAction":[{"@type":"ReadAction","target":["https:\/\/www.pontesan.es\/novas\/"]}]},{"@type":"BreadcrumbList","@id":"https:\/\/www.pontesan.es\/novas\/#breadcrumb","itemListElement":[{"@type":"ListItem","position":1,"name":"Home","item":"https:\/\/www.pontesan.es\/"},{"@type":"ListItem","position":2,"name":"Novas"}]},{"@type":"WebSite","@id":"https:\/\/www.pontesan.es\/#website","url":"https:\/\/www.pontesan.es\/","name":"Pontesan","description":"","publisher":{"@id":"https:\/\/www.pontesan.es\/#organization"},"potentialAction":[{"@type":"SearchAction","target":{"@type":"EntryPoint","urlTemplate":"https:\/\/www.pontesan.es\/?s={search_term_string}"},"query-input":"required name=search_term_string"}],"inLanguage":"es"},{"@type":"Organization","@id":"https:\/\/www.pontesan.es\/#organization","name":"PonteS\u00e1n","alternateName":"PonteS\u00e1n","url":"https:\/\/www.pontesan.es\/","logo":{"@type":"ImageObject","inLanguage":"es","@id":"https:\/\/www.pontesan.es\/#\/schema\/logo\/image\/","url":"https:\/\/www.pontesan.es\/wp-content\/uploads\/2024\/09\/yoast-empresa.jpg","contentUrl":"https:\/\/www.pontesan.es\/wp-content\/uploads\/2024\/09\/yoast-empresa.jpg","width":696,"height":696,"caption":"PonteS\u00e1n"},"image":{"@id":"https:\/\/www.pontesan.es\/#\/schema\/logo\/image\/"}}]}},"_links":{"self":[{"href":"https:\/\/www.pontesan.es\/es\/wp-json\/wp\/v2\/pages\/230575"}],"collection":[{"href":"https:\/\/www.pontesan.es\/es\/wp-json\/wp\/v2\/pages"}],"about":[{"href":"https:\/\/www.pontesan.es\/es\/wp-json\/wp\/v2\/types\/page"}],"author":[{"embeddable":true,"href":"https:\/\/www.pontesan.es\/es\/wp-json\/wp\/v2\/users\/18"}],"replies":[{"embeddable":true,"href":"https:\/\/www.pontesan.es\/es\/wp-json\/wp\/v2\/comments?post=230575"}],"version-history":[{"count":43,"href":"https:\/\/www.pontesan.es\/es\/wp-json\/wp\/v2\/pages\/230575\/revisions"}],"predecessor-version":[{"id":232860,"href":"https:\/\/www.pontesan.es\/es\/wp-json\/wp\/v2\/pages\/230575\/revisions\/232860"}],"wp:attachment":[{"href":"https:\/\/www.pontesan.es\/es\/wp-json\/wp\/v2\/media?parent=230575"}],"curies":[{"name":"wp","href":"https:\/\/api.w.org\/{rel}","templated":true}]}}