{"id":3,"date":"2020-09-29T09:13:51","date_gmt":"2020-09-29T09:13:51","guid":{"rendered":"https:\/\/www.pontesan.es\/?page_id=3"},"modified":"2025-10-23T09:42:30","modified_gmt":"2025-10-23T07:42:30","slug":"politica-privacidad","status":"publish","type":"page","link":"https:\/\/www.pontesan.es\/es\/politica-privacidad\/","title":{"rendered":"Pol\u00edtica de privacidad"},"content":{"rendered":"<p>[et_pb_section fb_built=&#8221;1&#8243; _builder_version=&#8221;4.16&#8243; global_colors_info=&#8221;{}&#8221;][et_pb_row _builder_version=&#8221;4.16&#8243; background_size=&#8221;initial&#8221; background_position=&#8221;top_left&#8221; background_repeat=&#8221;repeat&#8221; global_colors_info=&#8221;{}&#8221;][et_pb_column type=&#8221;4_4&#8243; _builder_version=&#8221;4.16&#8243; custom_padding=&#8221;|||&#8221; global_colors_info=&#8221;{}&#8221; custom_padding__hover=&#8221;|||&#8221;][et_pb_text _builder_version=&#8221;4.26.0&#8243; text_font=&#8221;||||||||&#8221; text_text_color=&#8221;#191919&#8243; background_size=&#8221;initial&#8221; background_position=&#8221;top_left&#8221; background_repeat=&#8221;repeat&#8221; global_colors_info=&#8221;{}&#8221;]<\/p>\n<div id=\"politica-de-privacidad\" class=\"ancla\"><\/div>\n<h2 id=\"politica-privacidad\">Pol\u00edtica de privacidad<\/h2>\n<p>CONSELLO ESPA\u00d1OL DEFENSA DISCAPACIDADE E DEPENDENCIA DE GALICIA, con domicilio fiscal en JAVIER PUIG LLAMAS S\/N EDIFICIO XUNTA 36001 PONTEVEDRA, C.I.F. G55429922, en adiante, a EMPRESA. Actualizado o 28\/08\/2024.<\/p>\n<p>Su privacidad es importante para la EMPRESA. Esta afirmaci\u00f3n revela las pr\u00e1cticas de protecci\u00f3n de datos personales en las p\u00e1ginas web de la EMPRESA incluyendo el tipo de informaci\u00f3n que se extrae, su utilizaci\u00f3n y con quien se comparte. De acuerdo con la normativa vigente de seguridad de datos personales, le comunicamos que la informaci\u00f3n que usted pueda facilitar a la EMPRESA permanecer\u00e1 en nuestra base de datos de contactos con la futura funcionalidad de comunicarle las diferentes ofertas y\/o servicios que le puedan ser de inter\u00e9s, a excepci\u00f3n de que usted nos indique lo contrario.<\/p>\n<p>Generalmente, podr\u00e1 visitar la EMPRESA en la red sin identificarse y sin revelar ninguna informaci\u00f3n confidencial. No obstante, en algunas ocasiones, se le puede requerir alg\u00fan tipo de dato de car\u00e1cter personal. Usted podr\u00e1 elegir suministrar la informaci\u00f3n que pueda ser necesaria para poder comunicarse, procesar una orden, ofrecer una suscripci\u00f3n, etc. La intenci\u00f3n es que conozca c\u00f3mo se utiliza dicha informaci\u00f3n y que puede acceder a esta pol\u00edtica de privacidad mediante un link accesible desde donde se le solicite y desde las opciones del men\u00fa.<\/p>\n<p>Usted tiene derecho a acceder a la informaci\u00f3n que haya facilitado, rectificarla en caso de ser err\u00f3nea y cancelarla. Por ello, se le ruega que comunique por escrito a la EMPRESA, o por correo electr\u00f3nico con su nombre, apellidos y direcci\u00f3n. La EMPRESA garantiza la adopci\u00f3n de las medidas oportunas para asegurar el tratamiento confidencial de estos datos.<\/p>\n<p>Se quiere proteger la calidad y la integridad de sus datos personales. Por ello, se han aplicado t\u00e9cnicas y medidas organizativas apropiadas. Se realizar\u00e1 un esfuerzo para responder de forma oportuna a sus peticiones para corregir imprecisiones en su informaci\u00f3n personal. Para ello se necesita que devuelva el mensaje que contiene las citadas imprecisiones al remitente con los detalles de la correcci\u00f3n solicitadas.<\/p>\n<p>En ciertas ocasiones se puede almacenar informaci\u00f3n an\u00f3nima de visitas para ayudar a ofrecer un mejor servicio mediante la utilizaci\u00f3n de diversas tecnolog\u00edas, entre ellas las llamadas \u2018cookies\u2019. La web de la EMPRESA incluye un aviso de cookies que ser\u00e1 necesario aceptar o bien cancelar, dependiendo de su voluntad.<\/p>\n<p>La EMPRESA puede colaborar con ciertas empresas que ayudan a promocionar servicios y productos. Estas entidades pueden almacenar y utilizar informaci\u00f3n an\u00f3nima de los visitantes con tal fin.<\/p>\n<p>La EMPRESA puede presentar una URL que llevar\u00e1 al visitante a una web personalizada. Este tipo de enlace es f\u00e1cilmente identificable y mediante un clic al mismo usted autoriza guardar informaci\u00f3n sobre sus sesiones, de esta forma es posible ofrecerle informaci\u00f3n que responda a sus intereses. Si no desea este uso, simplemente no haga clic en estos enlaces o URLs.<\/p>\n<p>[\/et_pb_text][\/et_pb_column][\/et_pb_row][\/et_pb_section]<\/p>","protected":false},"excerpt":{"rendered":"<p>Pol\u00edtica de privacidade CONSELLO ESPA\u00d1OL DEFENSA DISCAPACIDADE E DEPENDENCIA DE GALICIA, con domicilio fiscal en JAVIER PUIG LLAMAS S\/N EDIFICIO XUNTA 36001 PONTEVEDRA, C.I.F. G55429922, en adiante, a EMPRESA. Actualizado o 28\/08\/2024. A s\u00faa privacidade \u00e9 importante para a EMPRESA. Esta declaraci\u00f3n revela as pr\u00e1cticas de protecci\u00f3n de datos persoais nas p\u00e1xinas web da EMPRESA, [&hellip;]<\/p>","protected":false},"author":18,"featured_media":0,"parent":0,"menu_order":0,"comment_status":"closed","ping_status":"closed","template":"","meta":{"_et_pb_use_builder":"on","_et_pb_old_content":"<!-- wp:heading --><h2>Qui\u00e9nes somos<\/h2><!-- \/wp:heading --><!-- wp:paragraph --><p>La direcci\u00f3n de nuestra web es: https:\/\/wp.pontecerca.es.<\/p><!-- \/wp:paragraph --><!-- wp:heading --><h2>Qu\u00e9 datos personales recogemos y por qu\u00e9 los recogemos<\/h2><!-- \/wp:heading --><!-- wp:heading {\"level\":3} --><h3>Comentarios<\/h3><!-- \/wp:heading --><!-- wp:paragraph --><p>Cuando los visitantes dejan comentarios en la web, recopilamos los datos que se muestran en el formulario de comentarios, as\u00ed como la direcci\u00f3n IP del visitante y la cadena de agentes de usuario del navegador para ayudar a la detecci\u00f3n de spam.<\/p><!-- \/wp:paragraph --><!-- wp:paragraph --><p>Una cadena an\u00f3nima creada a partir de tu direcci\u00f3n de correo electr\u00f3nico (tambi\u00e9n llamada hash) puede ser proporcionada al servicio de Gravatar para ver si la est\u00e1s usando. La pol\u00edtica de privacidad del servicio Gravatar est\u00e1 disponible aqu\u00ed: https:\/\/automattic.com\/privacy\/. Despu\u00e9s de la aprobaci\u00f3n de tu comentario, la imagen de tu perfil es visible para el p\u00fablico en el contexto de tu comentario.<\/p><!-- \/wp:paragraph --><!-- wp:heading {\"level\":3} --><h3>Medios<\/h3><!-- \/wp:heading --><!-- wp:paragraph --><p>Si subes im\u00e1genes a la web, deber\u00edas evitar subir im\u00e1genes con datos de ubicaci\u00f3n (GPS EXIF) incluidos. Los visitantes de la web pueden descargar y extraer cualquier dato de ubicaci\u00f3n de las im\u00e1genes de la web.<\/p><!-- \/wp:paragraph --><!-- wp:heading {\"level\":3} --><h3>Formularios de contacto<\/h3><!-- \/wp:heading --><!-- wp:heading {\"level\":3} --><h3>Cookies<\/h3><!-- \/wp:heading --><!-- wp:paragraph --><p>Si dejas un comentario en nuestro sitio puedes elegir guardar tu nombre, direcci\u00f3n de correo electr\u00f3nico y web en cookies. Esto es para tu comodidad, para que no tengas que volver a rellenar tus datos cuando dejes otro comentario. Estas cookies tendr\u00e1n una duraci\u00f3n de un a\u00f1o.<\/p><!-- \/wp:paragraph --><!-- wp:paragraph --><p>Si tienes una cuenta y te conectas a este sitio, instalaremos una cookie temporal para determinar si tu navegador acepta cookies. Esta cookie no contiene datos personales y se elimina al cerrar el navegador.<\/p><!-- \/wp:paragraph --><!-- wp:paragraph --><p>Cuando accedas, tambi\u00e9n instalaremos varias cookies para guardar tu informaci\u00f3n de acceso y tus opciones de visualizaci\u00f3n de pantalla. Las cookies de acceso duran dos d\u00edas, y las cookies de opciones de pantalla duran un a\u00f1o. Si seleccionas \u00abRecu\u00e9rdarme\u00bb, tu acceso perdurar\u00e1 durante dos semanas. Si sales de tu cuenta, las cookies de acceso se eliminar\u00e1n.<\/p><!-- \/wp:paragraph --><!-- wp:paragraph --><p>Si editas o publicas un art\u00edculo se guardar\u00e1 una cookie adicional en tu navegador. Esta cookie no incluye datos personales y simplemente indica el ID del art\u00edculo que acabas de editar. Caduca despu\u00e9s de 1 d\u00eda.<\/p><!-- \/wp:paragraph --><!-- wp:heading {\"level\":3} --><h3>Contenido incrustado de otros sitios web<\/h3><!-- \/wp:heading --><!-- wp:paragraph --><p>Los art\u00edculos de este sitio pueden incluir contenido incrustado (por ejemplo, v\u00eddeos, im\u00e1genes, art\u00edculos, etc.). El contenido incrustado de otras webs se comporta exactamente de la misma manera que si el visitante hubiera visitado la otra web.<\/p><!-- \/wp:paragraph --><!-- wp:paragraph --><p>Estas web pueden recopilar datos sobre ti, utilizar cookies, incrustar un seguimiento adicional de terceros, y supervisar tu interacci\u00f3n con ese contenido incrustado, incluido el seguimiento de tu interacci\u00f3n con el contenido incrustado si tienes una cuenta y est\u00e1s conectado a esa web.<\/p><!-- \/wp:paragraph --><!-- wp:heading {\"level\":3} --><h3>Anal\u00edtica<\/h3><!-- \/wp:heading --><!-- wp:heading --><h2>Con qui\u00e9n compartimos tus datos<\/h2><!-- \/wp:heading --><!-- wp:heading --><h2>Cu\u00e1nto tiempo conservamos tus datos<\/h2><!-- \/wp:heading --><!-- wp:paragraph --><p>Si dejas un comentario, el comentario y sus metadatos se conservan indefinidamente. Esto es para que podamos reconocer y aprobar comentarios sucesivos autom\u00e1ticamente, en lugar de mantenerlos en una cola de moderaci\u00f3n.<\/p><!-- \/wp:paragraph --><!-- wp:paragraph --><p>De los usuarios que se registran en nuestra web (si los hay), tambi\u00e9n almacenamos la informaci\u00f3n personal que proporcionan en su perfil de usuario. Todos los usuarios pueden ver, editar o eliminar su informaci\u00f3n personal en cualquier momento (excepto que no pueden cambiar su nombre de usuario). Los administradores de la web tambi\u00e9n pueden ver y editar esa informaci\u00f3n.<\/p><!-- \/wp:paragraph --><!-- wp:heading --><h2>Qu\u00e9 derechos tienes sobre tus datos<\/h2><!-- \/wp:heading --><!-- wp:paragraph --><p>Si tienes una cuenta o has dejado comentarios en esta web, puedes solicitar recibir un archivo de exportaci\u00f3n de los datos personales que tenemos sobre ti, incluyendo cualquier dato que nos hayas proporcionado. Tambi\u00e9n puedes solicitar que eliminemos cualquier dato personal que tengamos sobre ti. Esto no incluye ning\u00fan dato que estemos obligados a conservar con fines administrativos, legales o de seguridad.<\/p><!-- \/wp:paragraph --><!-- wp:heading --><h2>D\u00f3nde enviamos tus datos<\/h2><!-- \/wp:heading --><!-- wp:paragraph --><p>Los comentarios de los visitantes puede que los revise un servicio de detecci\u00f3n autom\u00e1tica de spam.<\/p><!-- \/wp:paragraph --><!-- wp:heading --><h2>Tu informaci\u00f3n de contacto<\/h2><!-- \/wp:heading --><!-- wp:heading --><h2>Informaci\u00f3n adicional<\/h2><!-- \/wp:heading --><!-- wp:heading {\"level\":3} --><h3>C\u00f3mo protegemos tus datos<\/h3><!-- \/wp:heading --><!-- wp:heading {\"level\":3} --><h3>Qu\u00e9 procedimientos utilizamos contra las brechas de datos<\/h3><!-- \/wp:heading --><!-- wp:heading {\"level\":3} --><h3>De qu\u00e9 terceros recibimos datos<\/h3><!-- \/wp:heading --><!-- wp:heading {\"level\":3} --><h3>Qu\u00e9 tipo de toma de decisiones automatizada y\/o perfilado hacemos con los datos del usuario<\/h3><!-- \/wp:heading --><!-- wp:heading {\"level\":3} --><h3>Requerimientos regulatorios de revelaci\u00f3n de informaci\u00f3n del sector<\/h3><!-- \/wp:heading -->","_et_gb_content_width":"","inline_featured_image":false,"footnotes":""},"class_list":["post-3","page","type-page","status-publish","hentry"],"yoast_head":"<!-- This site is optimized with the Yoast SEO plugin v23.1 - https:\/\/yoast.com\/wordpress\/plugins\/seo\/ -->\n<title>Pol\u00edtica de privacidade - Pontesan<\/title>\n<meta name=\"robots\" content=\"noindex, nofollow\" \/>\n<meta property=\"og:locale\" content=\"es_ES\" \/>\n<meta property=\"og:type\" content=\"article\" \/>\n<meta property=\"og:title\" content=\"Pol\u00edtica de privacidade - Pontesan\" \/>\n<meta property=\"og:description\" content=\"Pol\u00edtica de privacidade CONSELLO ESPA\u00d1OL DEFENSA DISCAPACIDADE E DEPENDENCIA DE GALICIA, con domicilio fiscal en JAVIER PUIG LLAMAS S\/N EDIFICIO XUNTA 36001 PONTEVEDRA, C.I.F. G55429922, en adiante, a EMPRESA. Actualizado o 28\/08\/2024. A s\u00faa privacidade \u00e9 importante para a EMPRESA. Esta declaraci\u00f3n revela as pr\u00e1cticas de protecci\u00f3n de datos persoais nas p\u00e1xinas web da EMPRESA, [&hellip;]\" \/>\n<meta property=\"og:url\" content=\"https:\/\/www.pontesan.es\/es\/politica-privacidad\/\" \/>\n<meta property=\"og:site_name\" content=\"Pontesan\" \/>\n<meta property=\"article:modified_time\" content=\"2025-10-23T07:42:30+00:00\" \/>\n<meta property=\"og:image\" content=\"https:\/\/www.pontesan.es\/wp-content\/uploads\/2024\/09\/YOAST.jpg\" \/>\n\t<meta property=\"og:image:width\" content=\"1200\" \/>\n\t<meta property=\"og:image:height\" content=\"676\" \/>\n\t<meta property=\"og:image:type\" content=\"image\/jpeg\" \/>\n<meta name=\"twitter:card\" content=\"summary_large_image\" \/>\n<meta name=\"twitter:label1\" content=\"Tiempo de lectura\" \/>\n\t<meta name=\"twitter:data1\" content=\"3 minutos\" \/>\n<script type=\"application\/ld+json\" class=\"yoast-schema-graph\">{\"@context\":\"https:\/\/schema.org\",\"@graph\":[{\"@type\":\"WebPage\",\"@id\":\"https:\/\/www.pontesan.es\/politica-privacidad\/\",\"url\":\"https:\/\/www.pontesan.es\/politica-privacidad\/\",\"name\":\"Pol\u00edtica de privacidade - Pontesan\",\"isPartOf\":{\"@id\":\"https:\/\/www.pontesan.es\/#website\"},\"datePublished\":\"2020-09-29T09:13:51+00:00\",\"dateModified\":\"2025-10-23T07:42:30+00:00\",\"breadcrumb\":{\"@id\":\"https:\/\/www.pontesan.es\/politica-privacidad\/#breadcrumb\"},\"inLanguage\":\"es\",\"potentialAction\":[{\"@type\":\"ReadAction\",\"target\":[\"https:\/\/www.pontesan.es\/politica-privacidad\/\"]}]},{\"@type\":\"BreadcrumbList\",\"@id\":\"https:\/\/www.pontesan.es\/politica-privacidad\/#breadcrumb\",\"itemListElement\":[{\"@type\":\"ListItem\",\"position\":1,\"name\":\"Home\",\"item\":\"https:\/\/www.pontesan.es\/\"},{\"@type\":\"ListItem\",\"position\":2,\"name\":\"Pol\u00edtica de privacidade\"}]},{\"@type\":\"WebSite\",\"@id\":\"https:\/\/www.pontesan.es\/#website\",\"url\":\"https:\/\/www.pontesan.es\/\",\"name\":\"Pontesan\",\"description\":\"\",\"publisher\":{\"@id\":\"https:\/\/www.pontesan.es\/#organization\"},\"potentialAction\":[{\"@type\":\"SearchAction\",\"target\":{\"@type\":\"EntryPoint\",\"urlTemplate\":\"https:\/\/www.pontesan.es\/?s={search_term_string}\"},\"query-input\":\"required name=search_term_string\"}],\"inLanguage\":\"es\"},{\"@type\":\"Organization\",\"@id\":\"https:\/\/www.pontesan.es\/#organization\",\"name\":\"PonteS\u00e1n\",\"alternateName\":\"PonteS\u00e1n\",\"url\":\"https:\/\/www.pontesan.es\/\",\"logo\":{\"@type\":\"ImageObject\",\"inLanguage\":\"es\",\"@id\":\"https:\/\/www.pontesan.es\/#\/schema\/logo\/image\/\",\"url\":\"https:\/\/www.pontesan.es\/wp-content\/uploads\/2024\/09\/yoast-empresa.jpg\",\"contentUrl\":\"https:\/\/www.pontesan.es\/wp-content\/uploads\/2024\/09\/yoast-empresa.jpg\",\"width\":696,\"height\":696,\"caption\":\"PonteS\u00e1n\"},\"image\":{\"@id\":\"https:\/\/www.pontesan.es\/#\/schema\/logo\/image\/\"}}]}<\/script>\n<!-- \/ Yoast SEO plugin. -->","yoast_head_json":{"title":"Pol\u00edtica de privacidade - Pontesan","robots":{"index":"noindex","follow":"nofollow"},"og_locale":"es_ES","og_type":"article","og_title":"Pol\u00edtica de privacidade - Pontesan","og_description":"Pol\u00edtica de privacidade CONSELLO ESPA\u00d1OL DEFENSA DISCAPACIDADE E DEPENDENCIA DE GALICIA, con domicilio fiscal en JAVIER PUIG LLAMAS S\/N EDIFICIO XUNTA 36001 PONTEVEDRA, C.I.F. G55429922, en adiante, a EMPRESA. Actualizado o 28\/08\/2024. A s\u00faa privacidade \u00e9 importante para a EMPRESA. Esta declaraci\u00f3n revela as pr\u00e1cticas de protecci\u00f3n de datos persoais nas p\u00e1xinas web da EMPRESA, [&hellip;]","og_url":"https:\/\/www.pontesan.es\/es\/politica-privacidad\/","og_site_name":"Pontesan","article_modified_time":"2025-10-23T07:42:30+00:00","og_image":[{"width":1200,"height":676,"url":"https:\/\/www.pontesan.es\/wp-content\/uploads\/2024\/09\/YOAST.jpg","type":"image\/jpeg"}],"twitter_card":"summary_large_image","twitter_misc":{"Tiempo de lectura":"3 minutos"},"schema":{"@context":"https:\/\/schema.org","@graph":[{"@type":"WebPage","@id":"https:\/\/www.pontesan.es\/politica-privacidad\/","url":"https:\/\/www.pontesan.es\/politica-privacidad\/","name":"Pol\u00edtica de privacidade - Pontesan","isPartOf":{"@id":"https:\/\/www.pontesan.es\/#website"},"datePublished":"2020-09-29T09:13:51+00:00","dateModified":"2025-10-23T07:42:30+00:00","breadcrumb":{"@id":"https:\/\/www.pontesan.es\/politica-privacidad\/#breadcrumb"},"inLanguage":"es","potentialAction":[{"@type":"ReadAction","target":["https:\/\/www.pontesan.es\/politica-privacidad\/"]}]},{"@type":"BreadcrumbList","@id":"https:\/\/www.pontesan.es\/politica-privacidad\/#breadcrumb","itemListElement":[{"@type":"ListItem","position":1,"name":"Home","item":"https:\/\/www.pontesan.es\/"},{"@type":"ListItem","position":2,"name":"Pol\u00edtica de privacidade"}]},{"@type":"WebSite","@id":"https:\/\/www.pontesan.es\/#website","url":"https:\/\/www.pontesan.es\/","name":"Pontesan","description":"","publisher":{"@id":"https:\/\/www.pontesan.es\/#organization"},"potentialAction":[{"@type":"SearchAction","target":{"@type":"EntryPoint","urlTemplate":"https:\/\/www.pontesan.es\/?s={search_term_string}"},"query-input":"required name=search_term_string"}],"inLanguage":"es"},{"@type":"Organization","@id":"https:\/\/www.pontesan.es\/#organization","name":"PonteS\u00e1n","alternateName":"PonteS\u00e1n","url":"https:\/\/www.pontesan.es\/","logo":{"@type":"ImageObject","inLanguage":"es","@id":"https:\/\/www.pontesan.es\/#\/schema\/logo\/image\/","url":"https:\/\/www.pontesan.es\/wp-content\/uploads\/2024\/09\/yoast-empresa.jpg","contentUrl":"https:\/\/www.pontesan.es\/wp-content\/uploads\/2024\/09\/yoast-empresa.jpg","width":696,"height":696,"caption":"PonteS\u00e1n"},"image":{"@id":"https:\/\/www.pontesan.es\/#\/schema\/logo\/image\/"}}]}},"_links":{"self":[{"href":"https:\/\/www.pontesan.es\/es\/wp-json\/wp\/v2\/pages\/3"}],"collection":[{"href":"https:\/\/www.pontesan.es\/es\/wp-json\/wp\/v2\/pages"}],"about":[{"href":"https:\/\/www.pontesan.es\/es\/wp-json\/wp\/v2\/types\/page"}],"author":[{"embeddable":true,"href":"https:\/\/www.pontesan.es\/es\/wp-json\/wp\/v2\/users\/18"}],"replies":[{"embeddable":true,"href":"https:\/\/www.pontesan.es\/es\/wp-json\/wp\/v2\/comments?post=3"}],"version-history":[{"count":10,"href":"https:\/\/www.pontesan.es\/es\/wp-json\/wp\/v2\/pages\/3\/revisions"}],"predecessor-version":[{"id":232888,"href":"https:\/\/www.pontesan.es\/es\/wp-json\/wp\/v2\/pages\/3\/revisions\/232888"}],"wp:attachment":[{"href":"https:\/\/www.pontesan.es\/es\/wp-json\/wp\/v2\/media?parent=3"}],"curies":[{"name":"wp","href":"https:\/\/api.w.org\/{rel}","templated":true}]}}